{"id":51820,"date":"2023-04-25T12:09:06","date_gmt":"2023-04-25T10:09:06","guid":{"rendered":"https:\/\/www.camed-medical.de\/?post_type=product&#038;p=51820"},"modified":"2024-02-19T11:13:59","modified_gmt":"2024-02-19T10:13:59","slug":"tur-curatur-701","status":"publish","type":"product","link":"https:\/\/www.camed-medical.de\/en\/product\/tur-curatur-701\/","title":{"rendered":"TUR curatur 701"},"content":{"rendered":"<p>Kombinierte Elektrotherapie und 1 \/ 3MHz Ultraschallger\u00e4t.<\/p>\n<p>Ultraschall- oder Elektrotherapie zur Behandlung des Nerv-Muskel-Systems.<\/p>\n<p>Besonders die Kombinationsbehandlung hat eine ausgepr\u00e4gte analgetische Wirkung und stellt f\u00fcr viele Patienten eine echte Alternative zur medikament\u00f6sen Schmerzbehandlung dar. Durchf\u00fchrung eines galvanischen oder mittelfrequenten Testes als \u00f6konomische Vorfeldmethode zur Elektromyographie, um eine diagnostische Differenzierung eines total denervierten zum normal innervierten Muskel vornehmen zu k\u00f6nne.<\/p>\n","protected":false},"excerpt":{"rendered":"<p>Das curatur 701 setzt neueste Standards der Physiotherapie und vereint modernes Design mit technischer Innovation und Bedienfreundlichkeit. Das System verk\u00f6rpert alle bedeutungsvollen therapeutischen F\u00e4higkeiten und r\u00fcstet durch den modularen Aufbau und seine Erweiterungsm\u00f6glichkeiten f\u00fcr die Zukunft.<\/p>\n","protected":false},"featured_media":51809,"comment_status":"closed","ping_status":"closed","template":"","meta":{"_acf_changed":false,"_et_pb_use_builder":"","_et_pb_old_content":"","_et_gb_content_width":""},"product_brand":[],"product_cat":[261,264,266],"product_tag":[434,435,364],"hersteller":[],"geraetetyp":[],"bildgebungsmodus":[],"zustand":[],"fachrichtung":[],"class_list":{"0":"post-51820","1":"product","2":"type-product","3":"status-publish","4":"has-post-thumbnail","6":"product_cat-physical-therapy","7":"product_cat-stimulation-current-therapy","8":"product_cat-ultrasound-therapy","9":"product_tag-iontophorese-en","10":"product_tag-tur-curatur-701-ultraschalltherapie-en","11":"product_tag-ultrasound-therapy","13":"first","14":"instock","15":"shipping-taxable","16":"product-type-simple"},"acf":[],"yoast_head":"<!-- This site is optimized with the Yoast SEO plugin v27.4 - https:\/\/yoast.com\/product\/yoast-seo-wordpress\/ -->\n<title>TUR curatur 701 - CAmed Medical Systems GmbH<\/title>\n<meta name=\"robots\" content=\"index, follow, max-snippet:-1, max-image-preview:large, max-video-preview:-1\" \/>\n<link rel=\"canonical\" href=\"https:\/\/www.camed-medical.de\/en\/product\/tur-curatur-701\/\" \/>\n<meta property=\"og:locale\" content=\"en_US\" \/>\n<meta property=\"og:type\" content=\"article\" \/>\n<meta property=\"og:title\" content=\"TUR curatur 701 - CAmed Medical Systems GmbH\" \/>\n<meta property=\"og:description\" content=\"Das curatur 701 setzt neueste Standards der Physiotherapie und vereint modernes Design mit technischer Innovation und Bedienfreundlichkeit. Das System verk\u00f6rpert alle bedeutungsvollen therapeutischen F\u00e4higkeiten und r\u00fcstet durch den modularen Aufbau und seine Erweiterungsm\u00f6glichkeiten f\u00fcr die Zukunft.\" \/>\n<meta property=\"og:url\" content=\"https:\/\/www.camed-medical.de\/en\/product\/tur-curatur-701\/\" \/>\n<meta property=\"og:site_name\" content=\"CAmed Medical Systems GmbH\" \/>\n<meta property=\"article:modified_time\" content=\"2024-02-19T10:13:59+00:00\" \/>\n<meta property=\"og:image\" content=\"https:\/\/www.camed-medical.de\/wp-content\/uploads\/2023\/04\/curatur-701_2_uth1_003.jpg\" \/>\n\t<meta property=\"og:image:width\" content=\"900\" \/>\n\t<meta property=\"og:image:height\" content=\"633\" \/>\n\t<meta property=\"og:image:type\" content=\"image\/jpeg\" \/>\n<meta name=\"twitter:card\" content=\"summary_large_image\" \/>\n<script type=\"application\/ld+json\" class=\"yoast-schema-graph\">{\"@context\":\"https:\\\/\\\/schema.org\",\"@graph\":[{\"@type\":\"WebPage\",\"@id\":\"https:\\\/\\\/www.camed-medical.de\\\/en\\\/product\\\/tur-curatur-701\\\/\",\"url\":\"https:\\\/\\\/www.camed-medical.de\\\/en\\\/product\\\/tur-curatur-701\\\/\",\"name\":\"TUR curatur 701 - CAmed Medical Systems GmbH\",\"isPartOf\":{\"@id\":\"https:\\\/\\\/www.camed-medical.de\\\/en\\\/#website\"},\"primaryImageOfPage\":{\"@id\":\"https:\\\/\\\/www.camed-medical.de\\\/en\\\/product\\\/tur-curatur-701\\\/#primaryimage\"},\"image\":{\"@id\":\"https:\\\/\\\/www.camed-medical.de\\\/en\\\/product\\\/tur-curatur-701\\\/#primaryimage\"},\"thumbnailUrl\":\"https:\\\/\\\/www.camed-medical.de\\\/wp-content\\\/uploads\\\/2023\\\/04\\\/curatur-701_2_uth1_003.jpg\",\"datePublished\":\"2023-04-25T10:09:06+00:00\",\"dateModified\":\"2024-02-19T10:13:59+00:00\",\"breadcrumb\":{\"@id\":\"https:\\\/\\\/www.camed-medical.de\\\/en\\\/product\\\/tur-curatur-701\\\/#breadcrumb\"},\"inLanguage\":\"en-US\",\"potentialAction\":[{\"@type\":\"ReadAction\",\"target\":[\"https:\\\/\\\/www.camed-medical.de\\\/en\\\/product\\\/tur-curatur-701\\\/\"]}]},{\"@type\":\"ImageObject\",\"inLanguage\":\"en-US\",\"@id\":\"https:\\\/\\\/www.camed-medical.de\\\/en\\\/product\\\/tur-curatur-701\\\/#primaryimage\",\"url\":\"https:\\\/\\\/www.camed-medical.de\\\/wp-content\\\/uploads\\\/2023\\\/04\\\/curatur-701_2_uth1_003.jpg\",\"contentUrl\":\"https:\\\/\\\/www.camed-medical.de\\\/wp-content\\\/uploads\\\/2023\\\/04\\\/curatur-701_2_uth1_003.jpg\",\"width\":900,\"height\":633,\"caption\":\"TUR curatur 701\"},{\"@type\":\"BreadcrumbList\",\"@id\":\"https:\\\/\\\/www.camed-medical.de\\\/en\\\/product\\\/tur-curatur-701\\\/#breadcrumb\",\"itemListElement\":[{\"@type\":\"ListItem\",\"position\":1,\"name\":\"Startseite\",\"item\":\"https:\\\/\\\/www.camed-medical.de\\\/en\\\/\"},{\"@type\":\"ListItem\",\"position\":2,\"name\":\"Shop\",\"item\":\"https:\\\/\\\/www.camed-medical.de\\\/?page_id=47505\"},{\"@type\":\"ListItem\",\"position\":3,\"name\":\"TUR curatur 701\"}]},{\"@type\":\"WebSite\",\"@id\":\"https:\\\/\\\/www.camed-medical.de\\\/en\\\/#website\",\"url\":\"https:\\\/\\\/www.camed-medical.de\\\/en\\\/\",\"name\":\"CAmed Medical Systems GmbH\",\"description\":\"\",\"potentialAction\":[{\"@type\":\"SearchAction\",\"target\":{\"@type\":\"EntryPoint\",\"urlTemplate\":\"https:\\\/\\\/www.camed-medical.de\\\/en\\\/?s={search_term_string}\"},\"query-input\":{\"@type\":\"PropertyValueSpecification\",\"valueRequired\":true,\"valueName\":\"search_term_string\"}}],\"inLanguage\":\"en-US\"}]}<\/script>\n<!-- \/ Yoast SEO plugin. -->","yoast_head_json":{"title":"TUR curatur 701 - CAmed Medical Systems GmbH","robots":{"index":"index","follow":"follow","max-snippet":"max-snippet:-1","max-image-preview":"max-image-preview:large","max-video-preview":"max-video-preview:-1"},"canonical":"https:\/\/www.camed-medical.de\/en\/product\/tur-curatur-701\/","og_locale":"en_US","og_type":"article","og_title":"TUR curatur 701 - CAmed Medical Systems GmbH","og_description":"Das curatur 701 setzt neueste Standards der Physiotherapie und vereint modernes Design mit technischer Innovation und Bedienfreundlichkeit. Das System verk\u00f6rpert alle bedeutungsvollen therapeutischen F\u00e4higkeiten und r\u00fcstet durch den modularen Aufbau und seine Erweiterungsm\u00f6glichkeiten f\u00fcr die Zukunft.","og_url":"https:\/\/www.camed-medical.de\/en\/product\/tur-curatur-701\/","og_site_name":"CAmed Medical Systems GmbH","article_modified_time":"2024-02-19T10:13:59+00:00","og_image":[{"width":900,"height":633,"url":"https:\/\/www.camed-medical.de\/wp-content\/uploads\/2023\/04\/curatur-701_2_uth1_003.jpg","type":"image\/jpeg"}],"twitter_card":"summary_large_image","schema":{"@context":"https:\/\/schema.org","@graph":[{"@type":"WebPage","@id":"https:\/\/www.camed-medical.de\/en\/product\/tur-curatur-701\/","url":"https:\/\/www.camed-medical.de\/en\/product\/tur-curatur-701\/","name":"TUR curatur 701 - CAmed Medical Systems GmbH","isPartOf":{"@id":"https:\/\/www.camed-medical.de\/en\/#website"},"primaryImageOfPage":{"@id":"https:\/\/www.camed-medical.de\/en\/product\/tur-curatur-701\/#primaryimage"},"image":{"@id":"https:\/\/www.camed-medical.de\/en\/product\/tur-curatur-701\/#primaryimage"},"thumbnailUrl":"https:\/\/www.camed-medical.de\/wp-content\/uploads\/2023\/04\/curatur-701_2_uth1_003.jpg","datePublished":"2023-04-25T10:09:06+00:00","dateModified":"2024-02-19T10:13:59+00:00","breadcrumb":{"@id":"https:\/\/www.camed-medical.de\/en\/product\/tur-curatur-701\/#breadcrumb"},"inLanguage":"en-US","potentialAction":[{"@type":"ReadAction","target":["https:\/\/www.camed-medical.de\/en\/product\/tur-curatur-701\/"]}]},{"@type":"ImageObject","inLanguage":"en-US","@id":"https:\/\/www.camed-medical.de\/en\/product\/tur-curatur-701\/#primaryimage","url":"https:\/\/www.camed-medical.de\/wp-content\/uploads\/2023\/04\/curatur-701_2_uth1_003.jpg","contentUrl":"https:\/\/www.camed-medical.de\/wp-content\/uploads\/2023\/04\/curatur-701_2_uth1_003.jpg","width":900,"height":633,"caption":"TUR curatur 701"},{"@type":"BreadcrumbList","@id":"https:\/\/www.camed-medical.de\/en\/product\/tur-curatur-701\/#breadcrumb","itemListElement":[{"@type":"ListItem","position":1,"name":"Startseite","item":"https:\/\/www.camed-medical.de\/en\/"},{"@type":"ListItem","position":2,"name":"Shop","item":"https:\/\/www.camed-medical.de\/?page_id=47505"},{"@type":"ListItem","position":3,"name":"TUR curatur 701"}]},{"@type":"WebSite","@id":"https:\/\/www.camed-medical.de\/en\/#website","url":"https:\/\/www.camed-medical.de\/en\/","name":"CAmed Medical Systems GmbH","description":"","potentialAction":[{"@type":"SearchAction","target":{"@type":"EntryPoint","urlTemplate":"https:\/\/www.camed-medical.de\/en\/?s={search_term_string}"},"query-input":{"@type":"PropertyValueSpecification","valueRequired":true,"valueName":"search_term_string"}}],"inLanguage":"en-US"}]}},"_links":{"self":[{"href":"https:\/\/www.camed-medical.de\/en\/wp-json\/wp\/v2\/product\/51820","targetHints":{"allow":["GET"]}}],"collection":[{"href":"https:\/\/www.camed-medical.de\/en\/wp-json\/wp\/v2\/product"}],"about":[{"href":"https:\/\/www.camed-medical.de\/en\/wp-json\/wp\/v2\/types\/product"}],"replies":[{"embeddable":true,"href":"https:\/\/www.camed-medical.de\/en\/wp-json\/wp\/v2\/comments?post=51820"}],"wp:featuredmedia":[{"embeddable":true,"href":"https:\/\/www.camed-medical.de\/en\/wp-json\/wp\/v2\/media\/51809"}],"wp:attachment":[{"href":"https:\/\/www.camed-medical.de\/en\/wp-json\/wp\/v2\/media?parent=51820"}],"wp:term":[{"taxonomy":"product_brand","embeddable":true,"href":"https:\/\/www.camed-medical.de\/en\/wp-json\/wp\/v2\/product_brand?post=51820"},{"taxonomy":"product_cat","embeddable":true,"href":"https:\/\/www.camed-medical.de\/en\/wp-json\/wp\/v2\/product_cat?post=51820"},{"taxonomy":"product_tag","embeddable":true,"href":"https:\/\/www.camed-medical.de\/en\/wp-json\/wp\/v2\/product_tag?post=51820"},{"taxonomy":"hersteller","embeddable":true,"href":"https:\/\/www.camed-medical.de\/en\/wp-json\/wp\/v2\/hersteller?post=51820"},{"taxonomy":"geraetetyp","embeddable":true,"href":"https:\/\/www.camed-medical.de\/en\/wp-json\/wp\/v2\/geraetetyp?post=51820"},{"taxonomy":"bildgebungsmodus","embeddable":true,"href":"https:\/\/www.camed-medical.de\/en\/wp-json\/wp\/v2\/bildgebungsmodus?post=51820"},{"taxonomy":"zustand","embeddable":true,"href":"https:\/\/www.camed-medical.de\/en\/wp-json\/wp\/v2\/zustand?post=51820"},{"taxonomy":"fachrichtung","embeddable":true,"href":"https:\/\/www.camed-medical.de\/en\/wp-json\/wp\/v2\/fachrichtung?post=51820"}],"curies":[{"name":"wp","href":"https:\/\/api.w.org\/{rel}","templated":true}]}}