{"id":51281,"date":"2017-11-23T20:52:13","date_gmt":"2017-11-23T19:52:13","guid":{"rendered":"https:\/\/www.camed-medical.de\/impressum\/"},"modified":"2026-01-21T11:13:16","modified_gmt":"2026-01-21T10:13:16","slug":"imprint","status":"publish","type":"page","link":"https:\/\/www.camed-medical.de\/en\/imprint\/","title":{"rendered":"Imprint"},"content":{"rendered":"<p>[et_pb_section fb_built=&#8221;1&#8243; custom_padding_last_edited=&#8221;on|tablet&#8221; _builder_version=&#8221;4.18.0&#8243; background_enable_color=&#8221;off&#8221; background_image=&#8221;https:\/\/www.camed-medical.de\/wp-content\/uploads\/2022\/09\/hero-bg.jpg&#8221; custom_padding=&#8221;120px||120px||true|false&#8221; custom_padding_tablet=&#8221;80px||80px||true|false&#8221; custom_padding_phone=&#8221;50px||50px||true|false&#8221; locked=&#8221;off&#8221; global_colors_info=&#8221;{}&#8221;][et_pb_row _builder_version=&#8221;4.18.0&#8243; custom_padding=&#8221;0px||0px||true|false&#8221; global_colors_info=&#8221;{}&#8221;][et_pb_column type=&#8221;4_4&#8243; _builder_version=&#8221;4.16&#8243; custom_padding=&#8221;|||&#8221; global_colors_info=&#8221;{}&#8221; custom_padding__hover=&#8221;|||&#8221;][et_pb_text _builder_version=&#8221;4.20.2&#8243; header_font=&#8221;|700|||||||&#8221; header_font_size=&#8221;1em&#8221; header_line_height=&#8221;1.3em&#8221; custom_css_main_element=&#8221;font-size: clamp(24px,4vw,37px);&#8221; global_colors_info=&#8221;{}&#8221;]<\/p>\n<h1>Imprint<\/h1>\n<p>[\/et_pb_text][\/et_pb_column][\/et_pb_row][\/et_pb_section][et_pb_section fb_built=&#8221;1&#8243; custom_padding_last_edited=&#8221;on|tablet&#8221; _builder_version=&#8221;4.18.0&#8243; custom_padding=&#8221;120px||120px||true|false&#8221; custom_padding_tablet=&#8221;80px||80px||true|false&#8221; custom_padding_phone=&#8221;50px||50px||true|false&#8221; locked=&#8221;off&#8221; global_colors_info=&#8221;{}&#8221;][et_pb_row column_structure=&#8221;1_3,2_3&#8243; use_custom_gutter=&#8221;on&#8221; gutter_width=&#8221;1&#8243; make_equal=&#8221;on&#8221; _builder_version=&#8221;4.18.0&#8243; background_size=&#8221;initial&#8221; background_position=&#8221;top_left&#8221; background_repeat=&#8221;repeat&#8221; custom_padding=&#8221;0px||0px||true|false&#8221; custom_css_main_element=&#8221;align-items: baseline;&#8221; global_colors_info=&#8221;{}&#8221; custom_css_main_element_last_edited=&#8221;off|desktop&#8221;][et_pb_column type=&#8221;1_3&#8243; _builder_version=&#8221;4.18.0&#8243; custom_padding=&#8221;|40px|||false|false&#8221; custom_padding_tablet=&#8221;|0px|||false|false&#8221; custom_padding_phone=&#8221;|0px|||false|false&#8221; custom_padding_last_edited=&#8221;on|tablet&#8221; global_colors_info=&#8221;{}&#8221; custom_padding__hover=&#8221;|||&#8221; custom_css_main_element_last_edited=&#8221;on|tablet&#8221; custom_css_main_element_tablet=&#8221;margin-bottom: 5rem !important;&#8221; custom_css_main_element_phone=&#8221;margin-bottom: 5rem !important;&#8221;][et_pb_text _builder_version=&#8221;4.27.0&#8243; _module_preset=&#8221;default&#8221; text_font_size=&#8221;18.1px&#8221; text_line_height=&#8221;1.6em&#8221; header_4_font=&#8221;|600|||||||&#8221; header_4_font_size=&#8221;18.1px&#8221; header_4_line_height=&#8221;1.3em&#8221; max_width_tablet=&#8221;20em&#8221; max_width_phone=&#8221;20em&#8221; max_width_last_edited=&#8221;on|tablet&#8221; custom_margin=&#8221;||2.5rem||false|false&#8221; text_font_size_tablet=&#8221;18.1px&#8221; text_font_size_phone=&#8221;16px&#8221; text_font_size_last_edited=&#8221;on|phone&#8221; header_4_font_size_tablet=&#8221;18.1px&#8221; header_4_font_size_phone=&#8221;16px&#8221; header_4_font_size_last_edited=&#8221;on|phone&#8221; saved_tabs=&#8221;all&#8221; global_colors_info=&#8221;{}&#8221;]<\/p>\n<p><strong>CAmed Medical Systems GmbH<\/strong><br \/>Quettinger Str. 210<br \/>51381 Leverkusen<br \/>Germany<\/p>\n<p>Directors:<br \/>Herr Dipl.-Ing. Athanassios Agiannidis<\/p>\n<h4>Contact:<\/h4>\n<p>Telefon: +49 (0) 2171 913 761 0<br \/>Telefax: +49 (0) 2171 913 761 1<br \/>E-Mail: mail@camed-medical.de<\/p>\n<h4>Responsible for content:<\/h4>\n<p>Herr Dipl.-Ing. Athanassios Agiannidis<br \/>Quettinger Str. 210<br \/>51381 Leverkusen<br \/>Germany<\/p>\n<h4>Register:<\/h4>\n<p>Register court: Amtsgericht K\u00f6ln<br \/>Register number: HRB 55841<\/p>\n<h4>Value Added Tax Identification Number (VAT ID):<\/h4>\n<p>DE814485486<\/p>\n<p>[\/et_pb_text][et_pb_text _builder_version=&#8221;4.20.2&#8243; _module_preset=&#8221;default&#8221; custom_margin=&#8221;||20px||false|false&#8221; saved_tabs=&#8221;all&#8221; global_colors_info=&#8221;{}&#8221;]<\/p>\n<span class=\"borlabs-cookie-open-dialog-preferences brlbs-cmpnt-container\" data-borlabs-cookie-title=\"Cookie \/ Privacy Settings\" data-borlabs-cookie-type=\"button\" ><\/span>\n<p>[\/et_pb_text][\/et_pb_column][et_pb_column type=&#8221;2_3&#8243; _builder_version=&#8221;4.18.0&#8243; custom_padding=&#8221;|||40px|false|false&#8221; custom_padding_tablet=&#8221;|||0px|false|false&#8221; custom_padding_phone=&#8221;|||0px|false|false&#8221; custom_padding_last_edited=&#8221;on|tablet&#8221; border_color_all=&#8221;rgba(0,46,77,0.29)&#8221; border_width_left=&#8221;1px&#8221; border_width_left_tablet=&#8221;0px&#8221; border_width_left_phone=&#8221;0px&#8221; border_width_left_last_edited=&#8221;on|tablet&#8221; global_colors_info=&#8221;{}&#8221; custom_padding__hover=&#8221;|||&#8221;][et_pb_text _builder_version=&#8221;4.27.4&#8243; text_font_size=&#8221;18.1px&#8221; text_line_height=&#8221;1.6em&#8221; header_2_font=&#8221;|600|||||||&#8221; header_2_font_size=&#8221;26.1px&#8221; header_2_line_height=&#8221;1.3em&#8221; header_3_font=&#8221;|600|||||||&#8221; header_3_font_size=&#8221;24px&#8221; header_3_line_height=&#8221;1.3em&#8221; header_4_font=&#8221;|600|||||||&#8221; header_4_font_size=&#8221;22px&#8221; header_4_line_height=&#8221;1.3em&#8221; header_5_font=&#8221;|600|||||||&#8221; header_5_font_size=&#8221;20px&#8221; header_5_line_height=&#8221;1.3em&#8221; header_6_font=&#8221;|600|||||||&#8221; header_6_font_size=&#8221;18px&#8221; header_6_line_height=&#8221;1.3em&#8221; background_size=&#8221;initial&#8221; background_position=&#8221;top_left&#8221; background_repeat=&#8221;repeat&#8221; hover_enabled=&#8221;0&#8243; text_font_size_tablet=&#8221;18.1px&#8221; text_font_size_phone=&#8221;16px&#8221; text_font_size_last_edited=&#8221;on|phone&#8221; header_2_font_size_tablet=&#8221;26.1px&#8221; header_2_font_size_phone=&#8221;22px&#8221; header_2_font_size_last_edited=&#8221;on|phone&#8221; header_3_font_size_tablet=&#8221;24px&#8221; header_3_font_size_phone=&#8221;20px&#8221; header_3_font_size_last_edited=&#8221;on|phone&#8221; header_4_font_size_tablet=&#8221;22px&#8221; header_4_font_size_phone=&#8221;18px&#8221; header_4_font_size_last_edited=&#8221;on|phone&#8221; header_5_font_size_tablet=&#8221;20px&#8221; header_5_font_size_phone=&#8221;16px&#8221; header_5_font_size_last_edited=&#8221;on|phone&#8221; header_6_font_size_tablet=&#8221;18px&#8221; header_6_font_size_phone=&#8221;16px&#8221; header_6_font_size_last_edited=&#8221;on|phone&#8221; global_colors_info=&#8221;{}&#8221; sticky_enabled=&#8221;0&#8243;]<\/p>\n<h3>EU dispute resolution<\/h3>\n<p>We are not willing or obliged to participate in dispute resolution proceedings before a consumer arbitration board.<\/p>\n<h3>Liability for Contents<\/h3>\n<p>As service providers, we are liable for own contents of these websites according to Paragraph 7, Sect. 1 German Telemedia Act (DDG). However, according to Paragraphs 8 to 10 German Telemedia Act (DDG), service providers are not obligated to permanently monitor submitted or stored information or to search for evidences that indicate illegal activities.<\/p>\n<p>Legal obligations to removing information or to blocking the use of information remain unchallenged. In this case, liability is only possible at the time of knowledge about a specific violation of law. Illegal contents will be removed immediately at the time we get knowledge of them.<\/p>\n<h3>Liability for Links<\/h3>\n<p>Our offer includes links to external third party websites. We have no influence on the contents of those websites, therefore we cannot guarantee for those contents. Providers or administrators of linked websites are always responsible for their own contents.<\/p>\n<p>The linked websites had been checked for possible violations of law at the time of the establishment of the link. Illegal contents were not detected at the time of the linking. A permanent monitoring of the contents of linked websites cannot be imposed without reasonable indications that there has been a violation of law. Illegal links will be removed immediately at the time we get knowledge of them.<\/p>\n<h3>Copyright<\/h3>\n<p>Contents and compilations published on these websites by the providers are subject to German copyright laws. Reproduction, editing, distribution as well as the use of any kind outside the scope of the copyright law require a written permission of the author or originator. Downloads and copies of these websites are permitted for private use only.<br \/>The commercial use of our contents without permission of the originator is prohibited.<\/p>\n<p>Copyright laws of third parties are respected as long as the contents on these websites do not originate from the provider. Contributions of third parties on this site are indicated as such. However, if you notice any violations of copyright law, please inform us. Such contents will be removed immediately.<\/p>\n<h3>Image sources:<\/h3>\n<p>Photo by freepik <a href=\"https:\/\/www.freepik.com\" target=\"_blank\" rel=\"noopener\">www.freepik.com<\/a><\/p>\n<h3>Design and Implementation:<\/h3>\n<p><a href=\"https:\/\/www.netfame.de\" target=\"_blank\" rel=\"noopener noreferrer\">www.netfame.de<\/a><\/p>\n<p>[\/et_pb_text][\/et_pb_column][\/et_pb_row][\/et_pb_section]<\/p>\n","protected":false},"excerpt":{"rendered":"<p>ImprintCAmed Medical Systems GmbHQuettinger Str. 21051381 LeverkusenGermany Directors:Herr Dipl.-Ing. Athanassios Agiannidis Contact: Telefon: +49 (0) 2171 913 761 0Telefax: +49 (0) 2171 913 761 1E-Mail: mail@camed-medical.de Responsible for content: Herr Dipl.-Ing. Athanassios AgiannidisQuettinger Str. 21051381 LeverkusenGermany Register: Register court: Amtsgericht K\u00f6lnRegister number: HRB 55841 Value Added Tax Identification Number (VAT ID): DE814485486<\/p>\n","protected":false},"author":1,"featured_media":0,"parent":0,"menu_order":0,"comment_status":"closed","ping_status":"closed","template":"","meta":{"_acf_changed":false,"_et_pb_use_builder":"on","_et_pb_old_content":"<!-- wp:html -->\n<strong>Streitschlichtung<\/strong>\n\nDie Europ\u00e4ische Kommission stellt eine Plattform zur Online-Streitbeilegung (OS) bereit:\n<span><a href=\"https:\/\/ec.europa.eu\/consumers\/odr\" target=\"_blank\" rel=\"noopener noreferrer\">https:\/\/ec.europa.eu\/consumers\/odr<\/a><\/span>.\nUnsere E-Mail-Adresse finden Sie oben im Impressum.\nWir sind nicht bereit oder verpflichtet, an Streitbeilegungsverfahren vor einer Verbraucherschlichtungsstelle teilzunehmen.\n\n<strong>Haftung f\u00fcr Inhalte<\/strong>\n\nAls Diensteanbieter sind wir gem\u00e4\u00df \u00a7 7 Abs.1 TMG f\u00fcr eigene Inhalte auf diesen Seiten nach den allgemeinen Gesetzen verantwortlich. Nach \u00a7\u00a7 8 bis 10 TMG sind wir als Diensteanbieter jedoch nicht verpflichtet, \u00fcbermittelte oder gespeicherte fremde Informationen zu \u00fcberwachen oder nach Umst\u00e4nden zu forschen, die auf eine rechtswidrige T\u00e4tigkeit hinweisen.\nVerpflichtungen zur Entfernung oder Sperrung der Nutzung von Informationen nach den allgemeinen Gesetzen bleiben hiervon unber\u00fchrt. Eine diesbez\u00fcgliche Haftung ist jedoch erst ab dem Zeitpunkt der Kenntnis einer konkreten Rechtsverletzung m\u00f6glich. Bei Bekanntwerden von entsprechenden Rechtsverletzungen werden wir diese Inhalte umgehend entfernen.\n\n<strong>Haftung f\u00fcr Links<\/strong>\n\nUnser Angebot enth\u00e4lt Links zu externen Websites Dritter, auf deren Inhalte wir keinen Einfluss haben. Deshalb k\u00f6nnen wir f\u00fcr diese fremden Inhalte auch keine Gew\u00e4hr \u00fcbernehmen. F\u00fcr die Inhalte der verlinkten Seiten ist stets der jeweilige Anbieter oder Betreiber der Seiten verantwortlich. Die verlinkten Seiten wurden zum Zeitpunkt der Verlinkung auf m\u00f6gliche Rechtsverst\u00f6\u00dfe \u00fcberpr\u00fcft. Rechtswidrige Inhalte waren zum Zeitpunkt der Verlinkung nicht erkennbar.\nEine permanente inhaltliche Kontrolle der verlinkten Seiten ist jedoch ohne konkrete Anhaltspunkte einer Rechtsverletzung nicht zumutbar. Bei Bekanntwerden von Rechtsverletzungen werden wir derartige Links umgehend entfernen.\n\n<strong>Urheberrecht<\/strong>\n\nDie durch die Seitenbetreiber erstellten Inhalte und Werke auf diesen Seiten unterliegen dem deutschen Urheberrecht. Die Vervielf\u00e4ltigung, Bearbeitung, Verbreitung und jede Art der Verwertung au\u00dferhalb der Grenzen des Urheberrechtes bed\u00fcrfen der schriftlichen Zustimmung des jeweiligen Autors bzw. Erstellers. Downloads und Kopien dieser Seite sind nur f\u00fcr den privaten, nicht kommerziellen Gebrauch gestattet.\nSoweit die Inhalte auf dieser Seite nicht vom Betreiber erstellt wurden, werden die Urheberrechte Dritter beachtet. Insbesondere werden Inhalte Dritter als solche gekennzeichnet. Sollten Sie trotzdem auf eine Urheberrechtsverletzung aufmerksam werden, bitten wir um einen entsprechenden Hinweis. Bei Bekanntwerden von Rechtsverletzungen werden wir derartige Inhalte umgehend entfernen.\n\n<strong>Bildquellen:<\/strong>\n\nPhoto by\u00a0Dan Watson\u00a0on\u00a0Unsplash\nPhoto by\u00a0Alex Perz\u00a0on\u00a0Unsplash\nPhoto by\u00a0pan xiaozhen\u00a0on\u00a0Unsplash\nPhoto by\u00a0Pawe\u0142 Czerwi\u0144ski\u00a0on\u00a0Unsplash\nPhoto by\u00a0Samuel Zeller\u00a0on\u00a0Unsplash\nPhoto by\u00a0Sergei Akulich\u00a0on\u00a0Unsplash\n\n<strong>Design und Umsetzung:<\/strong>\n\n<span><a title=\"https:\/\/www.netfame.de\" href=\"https:\/\/www.netfame.de\/\" target=\"_blank\" rel=\"noopener noreferrer\" tabindex=\"-1\">www.netfame.de<\/a><\/span>\n<!-- \/wp:html -->\n\n<!-- wp:paragraph -->\n<p><\/p>\n<!-- \/wp:paragraph -->","_et_gb_content_width":"","footnotes":""},"class_list":["post-51281","page","type-page","status-publish","hentry"],"acf":[],"yoast_head":"<!-- This site is optimized with the Yoast SEO plugin v27.6 - https:\/\/yoast.com\/product\/yoast-seo-wordpress\/ -->\n<title>Imprint - CAmed Medical Systems GmbH<\/title>\n<meta name=\"robots\" content=\"index, follow, max-snippet:-1, max-image-preview:large, max-video-preview:-1\" \/>\n<link rel=\"canonical\" href=\"https:\/\/www.camed-medical.de\/en\/imprint\/\" \/>\n<meta property=\"og:locale\" content=\"en_US\" \/>\n<meta property=\"og:type\" content=\"article\" \/>\n<meta property=\"og:title\" content=\"Imprint - CAmed Medical Systems GmbH\" \/>\n<meta property=\"og:description\" content=\"ImprintCAmed Medical Systems GmbHQuettinger Str. 21051381 LeverkusenGermany Directors:Herr Dipl.-Ing. Athanassios Agiannidis Contact: Telefon: +49 (0) 2171 913 761 0Telefax: +49 (0) 2171 913 761 1E-Mail: mail@camed-medical.de Responsible for content: Herr Dipl.-Ing. Athanassios AgiannidisQuettinger Str. 21051381 LeverkusenGermany Register: Register court: Amtsgericht K\u00f6lnRegister number: HRB 55841 Value Added Tax Identification Number (VAT ID): DE814485486\" \/>\n<meta property=\"og:url\" content=\"https:\/\/www.camed-medical.de\/en\/imprint\/\" \/>\n<meta property=\"og:site_name\" content=\"CAmed Medical Systems GmbH\" \/>\n<meta property=\"article:modified_time\" content=\"2026-01-21T10:13:16+00:00\" \/>\n<meta property=\"og:image\" content=\"https:\/\/www.camed-medical.de\/wp-content\/uploads\/2022\/09\/header-03-tablet.jpg\" \/>\n\t<meta property=\"og:image:width\" content=\"980\" \/>\n\t<meta property=\"og:image:height\" content=\"561\" \/>\n\t<meta property=\"og:image:type\" content=\"image\/jpeg\" \/>\n<meta name=\"twitter:card\" content=\"summary_large_image\" \/>\n<meta name=\"twitter:label1\" content=\"Est. reading time\" \/>\n\t<meta name=\"twitter:data1\" content=\"5 minutes\" \/>\n<script type=\"application\/ld+json\" class=\"yoast-schema-graph\">{\"@context\":\"https:\\\/\\\/schema.org\",\"@graph\":[{\"@type\":\"WebPage\",\"@id\":\"https:\\\/\\\/www.camed-medical.de\\\/en\\\/imprint\\\/\",\"url\":\"https:\\\/\\\/www.camed-medical.de\\\/en\\\/imprint\\\/\",\"name\":\"Imprint - CAmed Medical Systems GmbH\",\"isPartOf\":{\"@id\":\"https:\\\/\\\/www.camed-medical.de\\\/en\\\/#website\"},\"datePublished\":\"2017-11-23T19:52:13+00:00\",\"dateModified\":\"2026-01-21T10:13:16+00:00\",\"breadcrumb\":{\"@id\":\"https:\\\/\\\/www.camed-medical.de\\\/en\\\/imprint\\\/#breadcrumb\"},\"inLanguage\":\"en-US\",\"potentialAction\":[{\"@type\":\"ReadAction\",\"target\":[\"https:\\\/\\\/www.camed-medical.de\\\/en\\\/imprint\\\/\"]}]},{\"@type\":\"BreadcrumbList\",\"@id\":\"https:\\\/\\\/www.camed-medical.de\\\/en\\\/imprint\\\/#breadcrumb\",\"itemListElement\":[{\"@type\":\"ListItem\",\"position\":1,\"name\":\"Startseite\",\"item\":\"https:\\\/\\\/www.camed-medical.de\\\/en\\\/\"},{\"@type\":\"ListItem\",\"position\":2,\"name\":\"Imprint\"}]},{\"@type\":\"WebSite\",\"@id\":\"https:\\\/\\\/www.camed-medical.de\\\/en\\\/#website\",\"url\":\"https:\\\/\\\/www.camed-medical.de\\\/en\\\/\",\"name\":\"CAmed Medical Systems GmbH\",\"description\":\"\",\"potentialAction\":[{\"@type\":\"SearchAction\",\"target\":{\"@type\":\"EntryPoint\",\"urlTemplate\":\"https:\\\/\\\/www.camed-medical.de\\\/en\\\/?s={search_term_string}\"},\"query-input\":{\"@type\":\"PropertyValueSpecification\",\"valueRequired\":true,\"valueName\":\"search_term_string\"}}],\"inLanguage\":\"en-US\"}]}<\/script>\n<!-- \/ Yoast SEO plugin. -->","yoast_head_json":{"title":"Imprint - CAmed Medical Systems GmbH","robots":{"index":"index","follow":"follow","max-snippet":"max-snippet:-1","max-image-preview":"max-image-preview:large","max-video-preview":"max-video-preview:-1"},"canonical":"https:\/\/www.camed-medical.de\/en\/imprint\/","og_locale":"en_US","og_type":"article","og_title":"Imprint - CAmed Medical Systems GmbH","og_description":"ImprintCAmed Medical Systems GmbHQuettinger Str. 21051381 LeverkusenGermany Directors:Herr Dipl.-Ing. Athanassios Agiannidis Contact: Telefon: +49 (0) 2171 913 761 0Telefax: +49 (0) 2171 913 761 1E-Mail: mail@camed-medical.de Responsible for content: Herr Dipl.-Ing. Athanassios AgiannidisQuettinger Str. 21051381 LeverkusenGermany Register: Register court: Amtsgericht K\u00f6lnRegister number: HRB 55841 Value Added Tax Identification Number (VAT ID): DE814485486","og_url":"https:\/\/www.camed-medical.de\/en\/imprint\/","og_site_name":"CAmed Medical Systems GmbH","article_modified_time":"2026-01-21T10:13:16+00:00","og_image":[{"width":980,"height":561,"url":"https:\/\/www.camed-medical.de\/wp-content\/uploads\/2022\/09\/header-03-tablet.jpg","type":"image\/jpeg"}],"twitter_card":"summary_large_image","twitter_misc":{"Est. reading time":"5 minutes"},"schema":{"@context":"https:\/\/schema.org","@graph":[{"@type":"WebPage","@id":"https:\/\/www.camed-medical.de\/en\/imprint\/","url":"https:\/\/www.camed-medical.de\/en\/imprint\/","name":"Imprint - CAmed Medical Systems GmbH","isPartOf":{"@id":"https:\/\/www.camed-medical.de\/en\/#website"},"datePublished":"2017-11-23T19:52:13+00:00","dateModified":"2026-01-21T10:13:16+00:00","breadcrumb":{"@id":"https:\/\/www.camed-medical.de\/en\/imprint\/#breadcrumb"},"inLanguage":"en-US","potentialAction":[{"@type":"ReadAction","target":["https:\/\/www.camed-medical.de\/en\/imprint\/"]}]},{"@type":"BreadcrumbList","@id":"https:\/\/www.camed-medical.de\/en\/imprint\/#breadcrumb","itemListElement":[{"@type":"ListItem","position":1,"name":"Startseite","item":"https:\/\/www.camed-medical.de\/en\/"},{"@type":"ListItem","position":2,"name":"Imprint"}]},{"@type":"WebSite","@id":"https:\/\/www.camed-medical.de\/en\/#website","url":"https:\/\/www.camed-medical.de\/en\/","name":"CAmed Medical Systems GmbH","description":"","potentialAction":[{"@type":"SearchAction","target":{"@type":"EntryPoint","urlTemplate":"https:\/\/www.camed-medical.de\/en\/?s={search_term_string}"},"query-input":{"@type":"PropertyValueSpecification","valueRequired":true,"valueName":"search_term_string"}}],"inLanguage":"en-US"}]}},"_links":{"self":[{"href":"https:\/\/www.camed-medical.de\/en\/wp-json\/wp\/v2\/pages\/51281","targetHints":{"allow":["GET"]}}],"collection":[{"href":"https:\/\/www.camed-medical.de\/en\/wp-json\/wp\/v2\/pages"}],"about":[{"href":"https:\/\/www.camed-medical.de\/en\/wp-json\/wp\/v2\/types\/page"}],"author":[{"embeddable":true,"href":"https:\/\/www.camed-medical.de\/en\/wp-json\/wp\/v2\/users\/1"}],"replies":[{"embeddable":true,"href":"https:\/\/www.camed-medical.de\/en\/wp-json\/wp\/v2\/comments?post=51281"}],"version-history":[{"count":2,"href":"https:\/\/www.camed-medical.de\/en\/wp-json\/wp\/v2\/pages\/51281\/revisions"}],"predecessor-version":[{"id":54277,"href":"https:\/\/www.camed-medical.de\/en\/wp-json\/wp\/v2\/pages\/51281\/revisions\/54277"}],"wp:attachment":[{"href":"https:\/\/www.camed-medical.de\/en\/wp-json\/wp\/v2\/media?parent=51281"}],"curies":[{"name":"wp","href":"https:\/\/api.w.org\/{rel}","templated":true}]}}